{"id":10399,"date":"2021-12-02T13:03:55","date_gmt":"2021-12-02T11:03:55","guid":{"rendered":"https:\/\/kuldkalake.eu\/ru\/?post_type=product&#038;p=10399"},"modified":"2025-09-12T09:26:30","modified_gmt":"2025-09-12T07:26:30","slug":"vobler-kosadaka-ion-dd-130f-gt","status":"publish","type":"product","link":"https:\/\/kuldkalake.eu\/et\/toode\/vobler-kosadaka-ion-dd-130f-gt\/","title":{"rendered":"Vobler KOSADAKA ION DD 130F &#8211; GT, (UV)"},"content":{"rendered":"<p>T\u00fc\u00fcp: ujuv<\/p>\n<p>S\u00fcgavus (m) : 4.5-6.5<\/p>\n<p>Pikkus(mm): 130<\/p>\n<p>Kaal (g): 27.0<\/p>\n<p>V\u00e4rv: GT<\/p>\n<p>&nbsp;<\/p>","protected":false},"excerpt":{"rendered":"<p>T\u00fc\u00fcp: ujuv S\u00fcgavus (m) : 4.5-6.5 Pikkus(mm): 130 Kaal (g): 27.0 V\u00e4rv: GT &nbsp;<\/p>\n","protected":false},"featured_media":11147,"template":"","meta":[],"product_cat":[79,82],"product_tag":[],"_links":{"self":[{"href":"https:\/\/kuldkalake.eu\/et\/wp-json\/wp\/v2\/product\/10399"}],"collection":[{"href":"https:\/\/kuldkalake.eu\/et\/wp-json\/wp\/v2\/product"}],"about":[{"href":"https:\/\/kuldkalake.eu\/et\/wp-json\/wp\/v2\/types\/product"}],"wp:featuredmedia":[{"embeddable":true,"href":"https:\/\/kuldkalake.eu\/et\/wp-json\/wp\/v2\/media\/11147"}],"wp:attachment":[{"href":"https:\/\/kuldkalake.eu\/et\/wp-json\/wp\/v2\/media?parent=10399"}],"wp:term":[{"taxonomy":"product_cat","embeddable":true,"href":"https:\/\/kuldkalake.eu\/et\/wp-json\/wp\/v2\/product_cat?post=10399"},{"taxonomy":"product_tag","embeddable":true,"href":"https:\/\/kuldkalake.eu\/et\/wp-json\/wp\/v2\/product_tag?post=10399"}],"curies":[{"name":"wp","href":"https:\/\/api.w.org\/{rel}","templated":true}]}}