{"id":11251,"date":"2022-06-02T13:12:40","date_gmt":"2022-06-02T11:12:40","guid":{"rendered":"https:\/\/kuldkalake.eu\/ru\/?post_type=product&#038;p=11251"},"modified":"2024-06-05T09:45:38","modified_gmt":"2024-06-05T07:45:38","slug":"inquisitor-110sp-a243es","status":"publish","type":"product","link":"https:\/\/kuldkalake.eu\/et\/toode\/inquisitor-110sp-a243es\/","title":{"rendered":"Strike Pro &#8211; Inquisitor 110SP #A243ES"},"content":{"rendered":"<p>Kehakuju j\u00e4rgi \u2013 Minnow<\/p>\n<p>Pikamaavalus\u00fcsteem \u2013 jah<\/p>\n<p>Kaugheites\u00fcsteemi t\u00fc\u00fcp &#8211; Magnetiline<\/p>\n<p>M\u00fcrakamber \u2013 jah<\/p>\n<p>M\u00fcra t\u00fc\u00fcp &#8211; Madal sagedus<\/p>\n<p>P\u00e4ritoluriik &#8211; TAIWAN<\/p>\n<p>Mudeli nimi &#8211; Inquisitor 110SP<\/p>\n<p>Kaal &#8211; 16,2<\/p>\n<p>Maksimaalne s\u00fcgavus &#8211; 1,2<\/p>\n<p>Minimaalne s\u00fcgavus &#8211; 0,8<\/p>\n<p>Konksude arv &#8211; 3<\/p>\n<p>Koormus &#8211; 12<\/p>\n<p>Konksu number &#8211; 6<\/p>\n<p>Ujuvus \u2013 neutraalne<\/p>\n<p>Konksu tootja &#8211; VMC<\/p>\n<p>Pikkus (mm) &#8211; 110<\/p>\n<p>&nbsp;<\/p>\n<p>&nbsp;<\/p>\n<p>&nbsp;<\/p>\n<p>&nbsp;<\/p>","protected":false},"excerpt":{"rendered":"<p>Kehakuju j\u00e4rgi \u2013 Minnow Pikamaavalus\u00fcsteem \u2013 jah Kaugheites\u00fcsteemi t\u00fc\u00fcp &#8211; Magnetiline M\u00fcrakamber \u2013 jah M\u00fcra t\u00fc\u00fcp &#8211; Madal sagedus P\u00e4ritoluriik<\/p>\n","protected":false},"featured_media":11280,"template":"","meta":[],"product_cat":[79,82],"product_tag":[],"_links":{"self":[{"href":"https:\/\/kuldkalake.eu\/et\/wp-json\/wp\/v2\/product\/11251"}],"collection":[{"href":"https:\/\/kuldkalake.eu\/et\/wp-json\/wp\/v2\/product"}],"about":[{"href":"https:\/\/kuldkalake.eu\/et\/wp-json\/wp\/v2\/types\/product"}],"wp:featuredmedia":[{"embeddable":true,"href":"https:\/\/kuldkalake.eu\/et\/wp-json\/wp\/v2\/media\/11280"}],"wp:attachment":[{"href":"https:\/\/kuldkalake.eu\/et\/wp-json\/wp\/v2\/media?parent=11251"}],"wp:term":[{"taxonomy":"product_cat","embeddable":true,"href":"https:\/\/kuldkalake.eu\/et\/wp-json\/wp\/v2\/product_cat?post=11251"},{"taxonomy":"product_tag","embeddable":true,"href":"https:\/\/kuldkalake.eu\/et\/wp-json\/wp\/v2\/product_tag?post=11251"}],"curies":[{"name":"wp","href":"https:\/\/api.w.org\/{rel}","templated":true}]}}