{"id":11487,"date":"2022-08-06T12:23:51","date_gmt":"2022-08-06T10:23:51","guid":{"rendered":"https:\/\/kuldkalake.eu\/ru\/?post_type=product&#038;p=11487"},"modified":"2025-04-01T09:46:25","modified_gmt":"2025-04-01T07:46:25","slug":"narval-biggy-boy-26cm-016","status":"publish","type":"product","link":"https:\/\/kuldkalake.eu\/et\/toode\/narval-biggy-boy-26cm-016\/","title":{"rendered":"NARVAL Biggy Boy 26cm-016"},"content":{"rendered":"<p>Kaal (g):162<br \/>\nPikkus (mm): 260<br \/>\nV\u00e4rv: 016<br \/>\nBlue Mint<br \/>\nPakitud (tk): 1<br \/>\nAroom: k\u00fc\u00fcslauk<\/p>","protected":false},"excerpt":{"rendered":"<p>Kaal (g):162 Pikkus (mm): 260 V\u00e4rv: 016 Blue Mint Pakitud (tk): 1 Aroom: k\u00fc\u00fcslauk<\/p>\n","protected":false},"featured_media":11544,"template":"","meta":[],"product_cat":[79,85],"product_tag":[],"_links":{"self":[{"href":"https:\/\/kuldkalake.eu\/et\/wp-json\/wp\/v2\/product\/11487"}],"collection":[{"href":"https:\/\/kuldkalake.eu\/et\/wp-json\/wp\/v2\/product"}],"about":[{"href":"https:\/\/kuldkalake.eu\/et\/wp-json\/wp\/v2\/types\/product"}],"wp:featuredmedia":[{"embeddable":true,"href":"https:\/\/kuldkalake.eu\/et\/wp-json\/wp\/v2\/media\/11544"}],"wp:attachment":[{"href":"https:\/\/kuldkalake.eu\/et\/wp-json\/wp\/v2\/media?parent=11487"}],"wp:term":[{"taxonomy":"product_cat","embeddable":true,"href":"https:\/\/kuldkalake.eu\/et\/wp-json\/wp\/v2\/product_cat?post=11487"},{"taxonomy":"product_tag","embeddable":true,"href":"https:\/\/kuldkalake.eu\/et\/wp-json\/wp\/v2\/product_tag?post=11487"}],"curies":[{"name":"wp","href":"https:\/\/api.w.org\/{rel}","templated":true}]}}