{"id":11910,"date":"2022-09-27T13:04:52","date_gmt":"2022-09-27T11:04:52","guid":{"rendered":"https:\/\/kuldkalake.eu\/ru\/?post_type=product&#038;p=11910"},"modified":"2025-01-30T14:12:59","modified_gmt":"2025-01-30T12:12:59","slug":"kummilantide-rakendus-bkk-uv-spear-stinger-rig-konks-n1-12cm","status":"publish","type":"product","link":"https:\/\/kuldkalake.eu\/et\/toode\/kummilantide-rakendus-bkk-uv-spear-stinger-rig-konks-n1-12cm\/","title":{"rendered":"Kummikala rakendus BKK UV SPEAR STINGER RIG&#8221; konks N1 12cm"},"content":{"rendered":"<p>Eestis toodetud BKK UV Spear Stinger Rig\u00a0s\u00fcsteem on m\u00f5eldud suuremate jigide rakendamiseks. Kuna rakendusel puudub raskus, on ta m\u00f5eldud madalas p\u00fc\u00fcgiks.<\/p>\n<p>Tegemist on j\u00e4igast traadist valmisrakendusega, mille k\u00fcljes on ka otsakruvi ja piigid &#8211; rakendus on vaja vaid kummilandi k\u00fclge keerata ja piigid landi sisse suruda.<\/p>\n<p>BKK UV Spear Stinger Rig\u00a0on valmistatud tippklassi komponentidest. Terastross on AFW 49-kiuline tross, t\u00f5mbetugevusega 29 kg.<\/p>\n<p>UV konksud \u00e4rgitavad kala haarama ning pakuvad paremat n\u00e4htavust h\u00e4mara ilmaga v\u00f5i tumedas vees.<\/p>\n<p>Trossi pikkus:<\/p>\n<p>konksu suurus 1: 12 cm<\/p>\n<p>konksu suurus 1\/0: 12 cm<\/p>\n<p>konksu suurus 2\/0: 14 cm<\/p>\n<p>konksu suurus 3\/0: 14 cm<\/p>","protected":false},"excerpt":{"rendered":"<p>Eestis toodetud BKK UV Spear Stinger Rig\u00a0s\u00fcsteem on m\u00f5eldud suuremate jigide rakendamiseks. Kuna rakendusel puudub raskus, on ta m\u00f5eldud madalas<\/p>\n","protected":false},"featured_media":11958,"template":"","meta":[],"product_cat":[102,109],"product_tag":[],"_links":{"self":[{"href":"https:\/\/kuldkalake.eu\/et\/wp-json\/wp\/v2\/product\/11910"}],"collection":[{"href":"https:\/\/kuldkalake.eu\/et\/wp-json\/wp\/v2\/product"}],"about":[{"href":"https:\/\/kuldkalake.eu\/et\/wp-json\/wp\/v2\/types\/product"}],"wp:featuredmedia":[{"embeddable":true,"href":"https:\/\/kuldkalake.eu\/et\/wp-json\/wp\/v2\/media\/11958"}],"wp:attachment":[{"href":"https:\/\/kuldkalake.eu\/et\/wp-json\/wp\/v2\/media?parent=11910"}],"wp:term":[{"taxonomy":"product_cat","embeddable":true,"href":"https:\/\/kuldkalake.eu\/et\/wp-json\/wp\/v2\/product_cat?post=11910"},{"taxonomy":"product_tag","embeddable":true,"href":"https:\/\/kuldkalake.eu\/et\/wp-json\/wp\/v2\/product_tag?post=11910"}],"curies":[{"name":"wp","href":"https:\/\/api.w.org\/{rel}","templated":true}]}}