{"id":11957,"date":"2022-09-29T15:09:52","date_gmt":"2022-09-29T13:09:52","guid":{"rendered":"https:\/\/kuldkalake.eu\/ru\/?post_type=product&#038;p=11957"},"modified":"2023-12-23T14:06:11","modified_gmt":"2023-12-23T12:06:11","slug":"talilant-lucky-john-peip-ljpe50-rg","status":"publish","type":"product","link":"https:\/\/kuldkalake.eu\/et\/toode\/talilant-lucky-john-peip-ljpe50-rg\/","title":{"rendered":"Talilant Lucky John Peip LJPE50-RG"},"content":{"rendered":"<p>Pikkus 50mm, kaal 9g<\/p>\n<div>Raske ja kompaktne lant.<\/div>\n<div>spinneri kuju v\u00f5imaldab p\u00fc\u00fcda nii voolus kui ka seisvas vees.<\/div>\n<div><\/div>\n<p><\/p>","protected":false},"excerpt":{"rendered":"<p>Pikkus 50mm, kaal 9g Raske ja kompaktne lant. spinneri kuju v\u00f5imaldab p\u00fc\u00fcda nii voolus kui ka seisvas vees.<\/p>\n","protected":false},"featured_media":11994,"template":"","meta":[],"product_cat":[271,305],"product_tag":[],"_links":{"self":[{"href":"https:\/\/kuldkalake.eu\/et\/wp-json\/wp\/v2\/product\/11957"}],"collection":[{"href":"https:\/\/kuldkalake.eu\/et\/wp-json\/wp\/v2\/product"}],"about":[{"href":"https:\/\/kuldkalake.eu\/et\/wp-json\/wp\/v2\/types\/product"}],"wp:featuredmedia":[{"embeddable":true,"href":"https:\/\/kuldkalake.eu\/et\/wp-json\/wp\/v2\/media\/11994"}],"wp:attachment":[{"href":"https:\/\/kuldkalake.eu\/et\/wp-json\/wp\/v2\/media?parent=11957"}],"wp:term":[{"taxonomy":"product_cat","embeddable":true,"href":"https:\/\/kuldkalake.eu\/et\/wp-json\/wp\/v2\/product_cat?post=11957"},{"taxonomy":"product_tag","embeddable":true,"href":"https:\/\/kuldkalake.eu\/et\/wp-json\/wp\/v2\/product_tag?post=11957"}],"curies":[{"name":"wp","href":"https:\/\/api.w.org\/{rel}","templated":true}]}}