{"id":12631,"date":"2023-01-18T16:45:18","date_gmt":"2023-01-18T14:45:18","guid":{"rendered":"https:\/\/kuldkalake.eu\/ru\/?post_type=product&#038;p=12631"},"modified":"2026-01-11T21:58:38","modified_gmt":"2026-01-11T19:58:38","slug":"teleskoopkongits-100-cm-asseri","status":"publish","type":"product","link":"https:\/\/kuldkalake.eu\/et\/toode\/teleskoopkongits-100-cm-asseri\/","title":{"rendered":"Teleskoopkongits Asseri 710-18101"},"content":{"rendered":"<p>Teleskoopkongits pikkusega\u00a0100 cm. Kongits v\u00f5imaldab kala veest v\u00e4lja t\u00f5mmata.<\/p>\n<ul>\n<li>Sektsioone: 2<\/li>\n<li>Pikkus suletuna: 40 cm<\/li>\n<li>Kogupikkus: 100 cm<\/li>\n<li>Lihtne ja t\u00f6\u00f6kindel!<\/li>\n<\/ul>\n<p>Tootekood: 710-18101<\/p>","protected":false},"excerpt":{"rendered":"<p>Teleskoopkongits pikkusega\u00a0100 cm. Kongits v\u00f5imaldab kala veest v\u00e4lja t\u00f5mmata. Sektsioone: 2 Pikkus suletuna: 40 cm Kogupikkus: 100 cm Lihtne ja<\/p>\n","protected":false},"featured_media":12655,"template":"","meta":[],"product_cat":[271,273,102,268],"product_tag":[],"_links":{"self":[{"href":"https:\/\/kuldkalake.eu\/et\/wp-json\/wp\/v2\/product\/12631"}],"collection":[{"href":"https:\/\/kuldkalake.eu\/et\/wp-json\/wp\/v2\/product"}],"about":[{"href":"https:\/\/kuldkalake.eu\/et\/wp-json\/wp\/v2\/types\/product"}],"wp:featuredmedia":[{"embeddable":true,"href":"https:\/\/kuldkalake.eu\/et\/wp-json\/wp\/v2\/media\/12655"}],"wp:attachment":[{"href":"https:\/\/kuldkalake.eu\/et\/wp-json\/wp\/v2\/media?parent=12631"}],"wp:term":[{"taxonomy":"product_cat","embeddable":true,"href":"https:\/\/kuldkalake.eu\/et\/wp-json\/wp\/v2\/product_cat?post=12631"},{"taxonomy":"product_tag","embeddable":true,"href":"https:\/\/kuldkalake.eu\/et\/wp-json\/wp\/v2\/product_tag?post=12631"}],"curies":[{"name":"wp","href":"https:\/\/api.w.org\/{rel}","templated":true}]}}