{"id":12971,"date":"2023-02-24T15:25:31","date_gmt":"2023-02-24T13:25:31","guid":{"rendered":"https:\/\/kuldkalake.eu\/ru\/?post_type=product&#038;p=12971"},"modified":"2025-09-17T09:04:16","modified_gmt":"2025-09-17T07:04:16","slug":"spinning-zetrix-tezza-tzs-622ul","status":"publish","type":"product","link":"https:\/\/kuldkalake.eu\/et\/toode\/spinning-zetrix-tezza-tzs-622ul\/","title":{"rendered":"Spinning Zetrix Tezza TZS-622UL 1.88m 1-6g"},"content":{"rendered":"<p>Kaal (g): 68<\/p>\n<p>Pikkus (cm): 188<\/p>\n<p>Spinningu klass: ultralight<\/p>\n<p>Sektsioonide arv: 2<\/p>\n<p>Tegevus: Regular fast<\/p>\n<p>Test(gr): 1-6<\/p>\n<p><span class=\"b-prod-prop__name\">Tamiili test (lb)<\/span>:\u00a0<span class=\"b-prod-prop__val\">2-5<\/span><\/p>\n<p>Materjal: carbon<\/p>\n<p>Ajaga kaasas k\u00e4ies kasutasid Zetrixi spetsialistid oma kogemusi Zetrix Forra ja Arte forelli ridvade loomisel, et v\u00e4lja t\u00f6\u00f6tada kvaliteetne, l\u00e4bim\u00f5eldud, mis on k\u00e4ttesaadav k\u00f5ige laiemale forellip\u00fc\u00fcgist huvitatud \u00f5ngitsejatele \u2013 Zetrix Tezza n\u00f6\u00f6ri. . Pealegi keskendudes nii alap\u00fc\u00fcgi algajate soovidele kui ka kogenud proffide n\u00f5uetele.<\/p>\n<p>8 mudelit piirkondlikuks kalap\u00fc\u00fcgiks ja kerge klassi kalap\u00fc\u00fcgiks hoovusel<\/p>\n<p>V\u00f5imsus: eriti \u00fclikerge kuni keskmise kerge<\/p>\n<p>Unikaalne kombinatsioon suurep\u00e4rasest j\u00f5udlusest ja madalast hinnast<\/p>\n<p>Mugav p\u00fc\u00fck erinevat t\u00fc\u00fcpi lantidega: mikrovooblerid, vooblerid, silikoon<\/p>\n<p>Tihedast EVA-st valmistatud ergonoomiline poolitatud k\u00e4epide<\/p>\n<p>S\u00f5rmused sasipundumisevastastes raamides<\/p>\n<p>Suurep\u00e4raste t\u00f6\u00f6omaduste ja madala hinna ainulaadne kombinatsioon on Zetrixi 2021. aasta hooaja uudsuse peamine omadus: juhtige kogu protsessi alates castingust kuni eduka v\u00f5itluseni TEZZA abil!<\/p>\n<p>&nbsp;<\/p>","protected":false},"excerpt":{"rendered":"<p>Kaal (g): 68 Pikkus (cm): 188 Spinningu klass: ultralight Sektsioonide arv: 2 Tegevus: Regular fast Test(gr): 1-6 Tamiili test (lb):\u00a02-5<\/p>\n","protected":false},"featured_media":13018,"template":"","meta":[],"product_cat":[74,76],"product_tag":[],"_links":{"self":[{"href":"https:\/\/kuldkalake.eu\/et\/wp-json\/wp\/v2\/product\/12971"}],"collection":[{"href":"https:\/\/kuldkalake.eu\/et\/wp-json\/wp\/v2\/product"}],"about":[{"href":"https:\/\/kuldkalake.eu\/et\/wp-json\/wp\/v2\/types\/product"}],"wp:featuredmedia":[{"embeddable":true,"href":"https:\/\/kuldkalake.eu\/et\/wp-json\/wp\/v2\/media\/13018"}],"wp:attachment":[{"href":"https:\/\/kuldkalake.eu\/et\/wp-json\/wp\/v2\/media?parent=12971"}],"wp:term":[{"taxonomy":"product_cat","embeddable":true,"href":"https:\/\/kuldkalake.eu\/et\/wp-json\/wp\/v2\/product_cat?post=12971"},{"taxonomy":"product_tag","embeddable":true,"href":"https:\/\/kuldkalake.eu\/et\/wp-json\/wp\/v2\/product_tag?post=12971"}],"curies":[{"name":"wp","href":"https:\/\/api.w.org\/{rel}","templated":true}]}}