{"id":13111,"date":"2023-03-10T14:18:56","date_gmt":"2023-03-10T12:18:56","guid":{"rendered":"https:\/\/kuldkalake.eu\/ru\/?post_type=product&#038;p=13111"},"modified":"2024-11-28T13:59:18","modified_gmt":"2024-11-28T11:59:18","slug":"demihooaja-ulikond-remington-expedition-hunting-figure-rm-1023-993","status":"publish","type":"product","link":"https:\/\/kuldkalake.eu\/et\/toode\/demihooaja-ulikond-remington-expedition-hunting-figure-rm-1023-993\/","title":{"rendered":"Demihooaja \u00fclikond Remington Expedition Hunting Figure RM 1023-993"},"content":{"rendered":"<p>Remington Expedition Hunting poolhooaja \u00fclikond sobib k\u00f5igile, kes hindavad mugavust, praktilisust ja esteetikat. Vastupidav, veekindel Climatic Extreme membraan, millel on j\u00f5udlus<br \/>\nAuru l\u00e4bilaskvus 10 000 g\/m\u00b2\/24 h,<br \/>\nVeekindlus 15 000 mm<br \/>\ntagab kontrolli teie mikrokliima \u00fcle isegi kehva ilmaga.<br \/>\nMudel sobib suurep\u00e4raselt jahipidamiseks, kalastamiseks ja \u00f5ues kasutamiseks temperatuuril -5 kuni +10 \u00b0C.<br \/>\nJopel on reguleeritav s\u00fcgav kapuuts ja k\u00f5rge krae. Kolm lukuga taskut pakuvad palju ruumi v\u00e4\u00e4risesemete hoidmiseks.<br \/>\nTagak\u00fcljel, k\u00fc\u00fcnarnukkides ja kapuutsil on t\u00e4iendav kaitsekangas k\u00fclma \u00f5hu ja niiskuse eest. Varrukamansetid on reguleeritavad, et niiskust varrukast eemal hoida.<br \/>\nSisetasku on spetsiaalse sahtliga mobiiltelefoni jaoks. P\u00fckstel on ka lukuga taskud.<br \/>\nP\u00f5lvede all on spetsiaalne Velcro, mida saab individuaalselt reguleerida vastavalt oma jalgadele. All\u00e4\u00e4res on k\u00e4tised p\u00fckste tugevaks fikseerimiseks kingadele. Esitletud Remingtoni mudel kaitseb teid k\u00fclma, tuule ja niiskuse eest.<br \/>\nUnikaalne anatoomiline l\u00f5ige muudab teie liigutused vabaks ja lihtsaks.<\/p>\n<p>Omadused<br \/>\nArtikkel: RM\u00a0<span class=\"asp_single_highlighted_1\">1023-993<\/span><br \/>\nMaterjalid: 100% pol\u00fcester<br \/>\nMembraan: Climatic Extreme<br \/>\nHooaeg: poolhooaeg<br \/>\nTemperatuurivahemik: -5 kuni +10 \u00b0C<br \/>\nAuru l\u00e4bilaskvus: 10 000 g\/m\u00b2\/24h<br \/>\nVeekindlus: 15 000 mm<\/p>\n<p>Suurused: S \u2013 3XL<\/p>","protected":false},"excerpt":{"rendered":"<p>Remington Expedition Hunting poolhooaja \u00fclikond sobib k\u00f5igile, kes hindavad mugavust, praktilisust ja esteetikat. Vastupidav, veekindel Climatic Extreme membraan, millel on<\/p>\n","protected":false},"featured_media":13184,"template":"","meta":[],"product_cat":[117,119,121],"product_tag":[],"_links":{"self":[{"href":"https:\/\/kuldkalake.eu\/et\/wp-json\/wp\/v2\/product\/13111"}],"collection":[{"href":"https:\/\/kuldkalake.eu\/et\/wp-json\/wp\/v2\/product"}],"about":[{"href":"https:\/\/kuldkalake.eu\/et\/wp-json\/wp\/v2\/types\/product"}],"wp:featuredmedia":[{"embeddable":true,"href":"https:\/\/kuldkalake.eu\/et\/wp-json\/wp\/v2\/media\/13184"}],"wp:attachment":[{"href":"https:\/\/kuldkalake.eu\/et\/wp-json\/wp\/v2\/media?parent=13111"}],"wp:term":[{"taxonomy":"product_cat","embeddable":true,"href":"https:\/\/kuldkalake.eu\/et\/wp-json\/wp\/v2\/product_cat?post=13111"},{"taxonomy":"product_tag","embeddable":true,"href":"https:\/\/kuldkalake.eu\/et\/wp-json\/wp\/v2\/product_tag?post=13111"}],"curies":[{"name":"wp","href":"https:\/\/api.w.org\/{rel}","templated":true}]}}