{"id":15873,"date":"2024-06-01T12:01:21","date_gmt":"2024-06-01T10:01:21","guid":{"rendered":"https:\/\/kuldkalake.eu\/ru\/?post_type=product&#038;p=15873"},"modified":"2024-09-19T14:47:00","modified_gmt":"2024-09-19T12:47:00","slug":"popper-rapala-bx-skitter-frog-bxsf05-mch-5-5-cm-13-g","status":"publish","type":"product","link":"https:\/\/kuldkalake.eu\/et\/toode\/popper-rapala-bx-skitter-frog-bxsf05-mch-5-5-cm-13-g\/","title":{"rendered":"Popper Rapala BX SKITTER FROG &#8211; BXSF05 MCH 5.5 cm, 13 g"},"content":{"rendered":"<p>BX\u00ae Skitter Frog, mis on m\u00f5eldud p\u00fc\u00fcdmiseks l\u00e4bi rohke rohukatte, kus suured paiknevad ja varitsevad oma saaki. Lant libiseb ja h\u00fcppab kiirelt \u00fchtlase v\u00f5i kiire kerimisega, tekitades palju pritsmeid ja m\u00fcra. Valmistatud balsast ja \u00fcmbritsetud tugeva kopol\u00fcmeeri kestaga; oma eriti sitke nahaga BX Skitter Frog aitab teil ikka ja j\u00e4lle r\u00f6\u00f6vkalu k\u00e4tte saada. Skitter frog landil on \u00fcles p\u00f6\u00f6ratud, vastupidav esmaklassiline VMC\u00ae topeltkonks ja paks kummist saba mis v\u00f5imaldavad kinni j\u00e4\u00e4miseta esitlusi.<\/p>\n<ul dir=\"ltr\">\n<li data-placeholder=\"T\u00f5lge\">Balsa Core kopol\u00fcmeerist v\u00e4liskest<\/li>\n<li data-placeholder=\"T\u00f5lge\">Pinnalant\/ujuv<\/li>\n<li data-placeholder=\"T\u00f5lge\">H\u00fcppava konna imitatsioon<\/li>\n<li data-placeholder=\"T\u00f5lge\">Suured sulpsatused<\/li>\n<li id=\"tw-target-text\" data-placeholder=\"T\u00f5lge\">VMC\u00ae 7925 mustad niklikonksud<\/li>\n<\/ul>\n<ul>\n<li>Suurus: 5,5 cm<\/li>\n<li>Kaal: 13 g<\/li>\n<\/ul>\n<p><\/p>","protected":false},"excerpt":{"rendered":"<p>BX\u00ae Skitter Frog, mis on m\u00f5eldud p\u00fc\u00fcdmiseks l\u00e4bi rohke rohukatte, kus suured paiknevad ja varitsevad oma saaki. Lant libiseb ja<\/p>\n","protected":false},"featured_media":15892,"template":"","meta":[],"product_cat":[79,82],"product_tag":[],"_links":{"self":[{"href":"https:\/\/kuldkalake.eu\/et\/wp-json\/wp\/v2\/product\/15873"}],"collection":[{"href":"https:\/\/kuldkalake.eu\/et\/wp-json\/wp\/v2\/product"}],"about":[{"href":"https:\/\/kuldkalake.eu\/et\/wp-json\/wp\/v2\/types\/product"}],"wp:featuredmedia":[{"embeddable":true,"href":"https:\/\/kuldkalake.eu\/et\/wp-json\/wp\/v2\/media\/15892"}],"wp:attachment":[{"href":"https:\/\/kuldkalake.eu\/et\/wp-json\/wp\/v2\/media?parent=15873"}],"wp:term":[{"taxonomy":"product_cat","embeddable":true,"href":"https:\/\/kuldkalake.eu\/et\/wp-json\/wp\/v2\/product_cat?post=15873"},{"taxonomy":"product_tag","embeddable":true,"href":"https:\/\/kuldkalake.eu\/et\/wp-json\/wp\/v2\/product_tag?post=15873"}],"curies":[{"name":"wp","href":"https:\/\/api.w.org\/{rel}","templated":true}]}}