{"id":16120,"date":"2024-07-20T10:49:32","date_gmt":"2024-07-20T08:49:32","guid":{"rendered":"https:\/\/kuldkalake.eu\/ru\/?post_type=product&#038;p=16120"},"modified":"2024-11-27T10:46:13","modified_gmt":"2024-11-27T08:46:13","slug":"pontoon-21-paco-10-5g-g80-060","status":"publish","type":"product","link":"https:\/\/kuldkalake.eu\/et\/toode\/pontoon-21-paco-10-5g-g80-060\/","title":{"rendered":"Pontoon 21 PACO 10.5g G80-060"},"content":{"rendered":"<p><\/p>\n<ul>\n<li>Pikkus: 4.8 cm<\/li>\n<li>Kaal: 10.5 g<\/li>\n<li>Pontoon 21 Paco on suurep\u00e4rase keha geomeetriaga, visked on pikad ja t\u00e4psed. See on m\u00f5eldud meriahvena p\u00fc\u00fcgiks, kuid nagu praktika on n\u00e4idanud, sobib see h\u00e4sti ka talviseks s\u00e4rje ja ahvena p\u00fc\u00fcgiks.<\/li>\n<\/ul>\n<p><\/p>","protected":false},"excerpt":{"rendered":"<p>Pikkus: 4.8 cm Kaal: 10.5 g Pontoon 21 Paco on suurep\u00e4rase keha geomeetriaga, visked on pikad ja t\u00e4psed. See on<\/p>\n","protected":false},"featured_media":16232,"template":"","meta":[],"product_cat":[287,79,262],"product_tag":[],"_links":{"self":[{"href":"https:\/\/kuldkalake.eu\/et\/wp-json\/wp\/v2\/product\/16120"}],"collection":[{"href":"https:\/\/kuldkalake.eu\/et\/wp-json\/wp\/v2\/product"}],"about":[{"href":"https:\/\/kuldkalake.eu\/et\/wp-json\/wp\/v2\/types\/product"}],"wp:featuredmedia":[{"embeddable":true,"href":"https:\/\/kuldkalake.eu\/et\/wp-json\/wp\/v2\/media\/16232"}],"wp:attachment":[{"href":"https:\/\/kuldkalake.eu\/et\/wp-json\/wp\/v2\/media?parent=16120"}],"wp:term":[{"taxonomy":"product_cat","embeddable":true,"href":"https:\/\/kuldkalake.eu\/et\/wp-json\/wp\/v2\/product_cat?post=16120"},{"taxonomy":"product_tag","embeddable":true,"href":"https:\/\/kuldkalake.eu\/et\/wp-json\/wp\/v2\/product_tag?post=16120"}],"curies":[{"name":"wp","href":"https:\/\/api.w.org\/{rel}","templated":true}]}}