{"id":16274,"date":"2024-08-21T09:47:08","date_gmt":"2024-08-21T07:47:08","guid":{"rendered":"https:\/\/kuldkalake.eu\/ru\/?post_type=product&#038;p=16274"},"modified":"2024-09-09T11:13:06","modified_gmt":"2024-09-09T09:13:06","slug":"rapala-weedless-minnow-spoon-rms07-mib","status":"publish","type":"product","link":"https:\/\/kuldkalake.eu\/et\/toode\/rapala-weedless-minnow-spoon-rms07-mib\/","title":{"rendered":"Rapala Weedless Minnow Spoon RMS07 MIB"},"content":{"rendered":"<p>Suurep\u00e4rane lant, millel on atraktiivne ja stabiilne m\u00e4ng mitte ainult erineva juhtimiskiirusega, vaid ka pausi ajal, kui lant vajub, see k\u00f5igub v\u00f5rgutavalt, h\u00fcpnotiseerides iga kiskja. T\u00f5hus konksukaitse v\u00f5imaldab sellega p\u00fc\u00fcda isegi k\u00f5ige \u00fclek\u00fcllastunud veekogudes, nii magevees kui ka soolases vees.<\/p>\n<p>Kaal: 15 g<\/p>\n<p>Pikkus: 7 \u0441m<\/p>","protected":false},"excerpt":{"rendered":"<p>Suurep\u00e4rane lant, millel on atraktiivne ja stabiilne m\u00e4ng mitte ainult erineva juhtimiskiirusega, vaid ka pausi ajal, kui lant vajub, see<\/p>\n","protected":false},"featured_media":16370,"template":"","meta":[],"product_cat":[79,262],"product_tag":[],"_links":{"self":[{"href":"https:\/\/kuldkalake.eu\/et\/wp-json\/wp\/v2\/product\/16274"}],"collection":[{"href":"https:\/\/kuldkalake.eu\/et\/wp-json\/wp\/v2\/product"}],"about":[{"href":"https:\/\/kuldkalake.eu\/et\/wp-json\/wp\/v2\/types\/product"}],"wp:featuredmedia":[{"embeddable":true,"href":"https:\/\/kuldkalake.eu\/et\/wp-json\/wp\/v2\/media\/16370"}],"wp:attachment":[{"href":"https:\/\/kuldkalake.eu\/et\/wp-json\/wp\/v2\/media?parent=16274"}],"wp:term":[{"taxonomy":"product_cat","embeddable":true,"href":"https:\/\/kuldkalake.eu\/et\/wp-json\/wp\/v2\/product_cat?post=16274"},{"taxonomy":"product_tag","embeddable":true,"href":"https:\/\/kuldkalake.eu\/et\/wp-json\/wp\/v2\/product_tag?post=16274"}],"curies":[{"name":"wp","href":"https:\/\/api.w.org\/{rel}","templated":true}]}}