{"id":17030,"date":"2024-11-14T13:30:29","date_gmt":"2024-11-14T11:30:29","guid":{"rendered":"https:\/\/kuldkalake.eu\/ru\/?post_type=product&#038;p=17030"},"modified":"2026-02-03T16:17:43","modified_gmt":"2026-02-03T14:17:43","slug":"talilant-ecopro-shprot-80mm-15g-s-c","status":"publish","type":"product","link":"https:\/\/kuldkalake.eu\/et\/toode\/talilant-ecopro-shprot-80mm-15g-s-c\/","title":{"rendered":"Talilant ECOPRO SHPROT 80mm, 15g, S\/C"},"content":{"rendered":"<p>Pikkus: 80mm<\/p>\n<p>Kaal: 15g<\/p>\n<p>ECOPRO Shprot lant on ainulaadse kujuga, t\u00e4nu millele v\u00f5tab see \u00f5ngeritvaga \u00f5\u00f5tsudes koheselt horisontaalasendi ja hakkab vajuma, kirjutades v\u00e4lja \u201cj\u00f5ulupuu\u201d ja kahlades aktiivselt k\u00fcljelt k\u00fcljele. See on end h\u00e4sti t\u00f5estanud Laadogal ja Soome lahel ahvena ja koha p\u00fc\u00fcgil ning lai v\u00e4rvi- ja suurusvalik v\u00f5imaldab valida k\u00f5ige erinevamates oludes p\u00fc\u00fcgiks sobiva s\u00f6\u00f6da.<\/p>","protected":false},"excerpt":{"rendered":"<p>Pikkus: 80mm Kaal: 15g ECOPRO Shprot lant on ainulaadse kujuga, t\u00e4nu millele v\u00f5tab see \u00f5ngeritvaga \u00f5\u00f5tsudes koheselt horisontaalasendi ja hakkab<\/p>\n","protected":false},"featured_media":12160,"template":"","meta":[],"product_cat":[271,305],"product_tag":[],"_links":{"self":[{"href":"https:\/\/kuldkalake.eu\/et\/wp-json\/wp\/v2\/product\/17030"}],"collection":[{"href":"https:\/\/kuldkalake.eu\/et\/wp-json\/wp\/v2\/product"}],"about":[{"href":"https:\/\/kuldkalake.eu\/et\/wp-json\/wp\/v2\/types\/product"}],"wp:featuredmedia":[{"embeddable":true,"href":"https:\/\/kuldkalake.eu\/et\/wp-json\/wp\/v2\/media\/12160"}],"wp:attachment":[{"href":"https:\/\/kuldkalake.eu\/et\/wp-json\/wp\/v2\/media?parent=17030"}],"wp:term":[{"taxonomy":"product_cat","embeddable":true,"href":"https:\/\/kuldkalake.eu\/et\/wp-json\/wp\/v2\/product_cat?post=17030"},{"taxonomy":"product_tag","embeddable":true,"href":"https:\/\/kuldkalake.eu\/et\/wp-json\/wp\/v2\/product_tag?post=17030"}],"curies":[{"name":"wp","href":"https:\/\/api.w.org\/{rel}","templated":true}]}}