{"id":17791,"date":"2025-01-22T12:21:24","date_gmt":"2025-01-22T10:21:24","guid":{"rendered":"https:\/\/kuldkalake.eu\/ru\/?post_type=product&#038;p=17791"},"modified":"2025-07-12T12:23:34","modified_gmt":"2025-07-12T10:23:34","slug":"nuga-marttiini-lapp-knife-245-124240-nahktupp","status":"publish","type":"product","link":"https:\/\/kuldkalake.eu\/et\/toode\/nuga-marttiini-lapp-knife-245-124240-nahktupp\/","title":{"rendered":"Nuga Marttiini Lapp knife 245 124240 (nahktupp)"},"content":{"rendered":"<p>Traditsiooniline Lapp-nuga h\u00f5lmab n\u00fc\u00fcd ka s\u00f5rmekaitsega mudeleid.Traditsiooniliselt ei ole s\u00f5rmekaitsjad Skandinaavia nuga kultuuris, kuid n\u00e4iteks Kesk-Euroopas on s\u00f5rmekaitsed tavaliselt nugadele paigaldatud.\u00a0S\u00f5rmekaitse pakub nuga kasutajatele rohkem ohutust.\u00a0Nende jaoks, kes on natuke v\u00e4hem harjunud nugade kasutamisega, on eriti \u00f5igustatud s\u00f5rmekaitsega mudel.\u00a0Nuga saab korralikult kinni haarata ja k\u00e4si ei libise isegi niisketes v\u00f5i k\u00fclmades tingimustes.\u00a0See Lappi nuga on suurep\u00e4rane \u00fcldnuga, mis sobib nii k\u00fcttidele kui ka jahimeestele.\u00a0Roostevabast terasest terasele on ilusalt graveeritud graafiline kujund, mis sisaldab Lappi teoseid, samal ajal kui mustriga noa\u00fcmbris kannab endas ka tugevat Lappi vaimu.<\/p>\n<ul>\n<li>Tera pikkus: 13 cm<\/li>\n<li>Kogupikkus: 24 cm<\/li>\n<li>Tera materjal: roostevaba teras<\/li>\n<li>Toote number: 245010<\/li>\n<\/ul>\n<p><\/p>","protected":false},"excerpt":{"rendered":"<p>Traditsiooniline Lapp-nuga h\u00f5lmab n\u00fc\u00fcd ka s\u00f5rmekaitsega mudeleid.Traditsiooniliselt ei ole s\u00f5rmekaitsjad Skandinaavia nuga kultuuris, kuid n\u00e4iteks Kesk-Euroopas on s\u00f5rmekaitsed tavaliselt nugadele<\/p>\n","protected":false},"featured_media":18008,"template":"","meta":[],"product_cat":[102,281],"product_tag":[],"_links":{"self":[{"href":"https:\/\/kuldkalake.eu\/et\/wp-json\/wp\/v2\/product\/17791"}],"collection":[{"href":"https:\/\/kuldkalake.eu\/et\/wp-json\/wp\/v2\/product"}],"about":[{"href":"https:\/\/kuldkalake.eu\/et\/wp-json\/wp\/v2\/types\/product"}],"wp:featuredmedia":[{"embeddable":true,"href":"https:\/\/kuldkalake.eu\/et\/wp-json\/wp\/v2\/media\/18008"}],"wp:attachment":[{"href":"https:\/\/kuldkalake.eu\/et\/wp-json\/wp\/v2\/media?parent=17791"}],"wp:term":[{"taxonomy":"product_cat","embeddable":true,"href":"https:\/\/kuldkalake.eu\/et\/wp-json\/wp\/v2\/product_cat?post=17791"},{"taxonomy":"product_tag","embeddable":true,"href":"https:\/\/kuldkalake.eu\/et\/wp-json\/wp\/v2\/product_tag?post=17791"}],"curies":[{"name":"wp","href":"https:\/\/api.w.org\/{rel}","templated":true}]}}