{"id":18177,"date":"2025-03-11T10:38:16","date_gmt":"2025-03-11T08:38:16","guid":{"rendered":"https:\/\/kuldkalake.eu\/ru\/?post_type=product&#038;p=18177"},"modified":"2025-03-17T11:44:04","modified_gmt":"2025-03-17T09:44:04","slug":"jackall-chubby-41f-ssr-uv-mat-chart-perch","status":"publish","type":"product","link":"https:\/\/kuldkalake.eu\/et\/toode\/jackall-chubby-41f-ssr-uv-mat-chart-perch\/","title":{"rendered":"JACKALL CHUBBY 41F SSR UV Mat Chart Perch"},"content":{"rendered":"<p>T\u00fc\u00fcp: ujuv<\/p>\n<p>S\u00fcgavus (m) : 0.1<\/p>\n<p>Pikkus(mm): 41<\/p>\n<p>Kaal (g): 5.7<\/p>\n<p>Jackall Chubby 41F SSR on \u00fcks parimaid ja tuntumaid lante turba p\u00fc\u00fcgmiseks. Jaapani tootja Jackall on tuntud oma suurep\u00e4rase kvaliteediga spinningulantide poolest. See Chubby mudel meelitab ahnelt mitte ainult turba, vaid ka haugi, ahvenat ja teisi r\u00f6\u00f6vkalasid. Jackall The Chubby 41F SSR kaalub 5,7 grammi ja selle \u00fcmar ja sile kuju v\u00f5imaldab landi v\u00e4ga kaugele heita. Sisse ehitatud graanulid tagavad lisavibratsiooni ja helilainete abil saagi ligimeelitamise. 41F SSR on voolus v\u00e4ga stabiilne, isegi k\u00f5ige kiirematesm madalates vooludes t\u00f5mmates. Landile on omane k\u00f5rgekvaliteediline v\u00e4rv ja v\u00e4rvilahendus.. V\u00e4rvused on looduslikud, imiteerides turva lemmikputukiad.<\/p>","protected":false},"excerpt":{"rendered":"<p>T\u00fc\u00fcp: ujuv S\u00fcgavus (m) : 0.1 Pikkus(mm): 41 Kaal (g): 5.7 Jackall Chubby 41F SSR on \u00fcks parimaid ja tuntumaid<\/p>\n","protected":false},"featured_media":18220,"template":"","meta":[],"product_cat":[79,82],"product_tag":[],"_links":{"self":[{"href":"https:\/\/kuldkalake.eu\/et\/wp-json\/wp\/v2\/product\/18177"}],"collection":[{"href":"https:\/\/kuldkalake.eu\/et\/wp-json\/wp\/v2\/product"}],"about":[{"href":"https:\/\/kuldkalake.eu\/et\/wp-json\/wp\/v2\/types\/product"}],"wp:featuredmedia":[{"embeddable":true,"href":"https:\/\/kuldkalake.eu\/et\/wp-json\/wp\/v2\/media\/18220"}],"wp:attachment":[{"href":"https:\/\/kuldkalake.eu\/et\/wp-json\/wp\/v2\/media?parent=18177"}],"wp:term":[{"taxonomy":"product_cat","embeddable":true,"href":"https:\/\/kuldkalake.eu\/et\/wp-json\/wp\/v2\/product_cat?post=18177"},{"taxonomy":"product_tag","embeddable":true,"href":"https:\/\/kuldkalake.eu\/et\/wp-json\/wp\/v2\/product_tag?post=18177"}],"curies":[{"name":"wp","href":"https:\/\/api.w.org\/{rel}","templated":true}]}}