{"id":18494,"date":"2025-04-10T11:07:10","date_gmt":"2025-04-10T09:07:10","guid":{"rendered":"https:\/\/kuldkalake.eu\/ru\/?post_type=product&#038;p=18494"},"modified":"2025-04-21T10:28:43","modified_gmt":"2025-04-21T08:28:43","slug":"strike-pro-inquisitor-mdr-110sp-a178s","status":"publish","type":"product","link":"https:\/\/kuldkalake.eu\/et\/toode\/strike-pro-inquisitor-mdr-110sp-a178s\/","title":{"rendered":"Strike Pro &#8211; Inquisitor MDR 110SP #A178S"},"content":{"rendered":"<p>Kehakuju j\u00e4rgi \u2013 Minnow<\/p>\n<p>Pikamaavalus\u00fcsteem \u2013 jah<\/p>\n<p>Kaugheites\u00fcsteemi t\u00fc\u00fcp \u2013 Magnetiline<\/p>\n<p>M\u00fcrakamber \u2013 jah<\/p>\n<p>M\u00fcra t\u00fc\u00fcp \u2013 Madal sagedus<\/p>\n<p>P\u00e4ritoluriik \u2013 TAIWAN<\/p>\n<p>Mudeli nimi \u2013 Inquisitor\u00a0 MDR 110SP<\/p>\n<p>Kaal \u2013 17.3<\/p>\n<p>Maksimaalne s\u00fcgavus \u2013 2.5<\/p>\n<p>Minimaalne s\u00fcgavus \u2013 1.0<\/p>\n<p>Konksude arv \u2013 3<\/p>\n<p>Koormus \u2013 12<\/p>\n<p>Konksu number \u2013 6<\/p>\n<p>Ujuvus \u2013 neutraalne<\/p>\n<p>Konksu tootja \u2013 VMC<\/p>\n<p>Pikkus (mm) \u2013 110<\/p>","protected":false},"excerpt":{"rendered":"<p>Kehakuju j\u00e4rgi \u2013 Minnow Pikamaavalus\u00fcsteem \u2013 jah Kaugheites\u00fcsteemi t\u00fc\u00fcp \u2013 Magnetiline M\u00fcrakamber \u2013 jah M\u00fcra t\u00fc\u00fcp \u2013 Madal sagedus P\u00e4ritoluriik<\/p>\n","protected":false},"featured_media":13065,"template":"","meta":[],"product_cat":[79,82],"product_tag":[],"_links":{"self":[{"href":"https:\/\/kuldkalake.eu\/et\/wp-json\/wp\/v2\/product\/18494"}],"collection":[{"href":"https:\/\/kuldkalake.eu\/et\/wp-json\/wp\/v2\/product"}],"about":[{"href":"https:\/\/kuldkalake.eu\/et\/wp-json\/wp\/v2\/types\/product"}],"wp:featuredmedia":[{"embeddable":true,"href":"https:\/\/kuldkalake.eu\/et\/wp-json\/wp\/v2\/media\/13065"}],"wp:attachment":[{"href":"https:\/\/kuldkalake.eu\/et\/wp-json\/wp\/v2\/media?parent=18494"}],"wp:term":[{"taxonomy":"product_cat","embeddable":true,"href":"https:\/\/kuldkalake.eu\/et\/wp-json\/wp\/v2\/product_cat?post=18494"},{"taxonomy":"product_tag","embeddable":true,"href":"https:\/\/kuldkalake.eu\/et\/wp-json\/wp\/v2\/product_tag?post=18494"}],"curies":[{"name":"wp","href":"https:\/\/api.w.org\/{rel}","templated":true}]}}