{"id":19646,"date":"2025-07-11T08:57:58","date_gmt":"2025-07-11T06:57:58","guid":{"rendered":"https:\/\/kuldkalake.eu\/ru\/?post_type=product&#038;p=19646"},"modified":"2025-07-18T11:58:23","modified_gmt":"2025-07-18T09:58:23","slug":"jaxon-holo-select-valader-vj-e09fnl","status":"publish","type":"product","link":"https:\/\/kuldkalake.eu\/et\/toode\/jaxon-holo-select-valader-vj-e09fnl\/","title":{"rendered":"Jaxon Holo Select Valader VJ-E09FNL"},"content":{"rendered":"<p>Pikkus : 9cm<\/p>\n<p>Kaal : 20g<\/p>\n<p>S\u00fcgavus : 1.2-1.8 m<\/p>\n<p>T\u00fc\u00fcp : F<\/p>","protected":false},"excerpt":{"rendered":"<p>Pikkus : 9cm Kaal : 20g S\u00fcgavus : 1.2-1.8 m T\u00fc\u00fcp : F<\/p>\n","protected":false},"featured_media":19729,"template":"","meta":[],"product_cat":[79,82],"product_tag":[],"_links":{"self":[{"href":"https:\/\/kuldkalake.eu\/et\/wp-json\/wp\/v2\/product\/19646"}],"collection":[{"href":"https:\/\/kuldkalake.eu\/et\/wp-json\/wp\/v2\/product"}],"about":[{"href":"https:\/\/kuldkalake.eu\/et\/wp-json\/wp\/v2\/types\/product"}],"wp:featuredmedia":[{"embeddable":true,"href":"https:\/\/kuldkalake.eu\/et\/wp-json\/wp\/v2\/media\/19729"}],"wp:attachment":[{"href":"https:\/\/kuldkalake.eu\/et\/wp-json\/wp\/v2\/media?parent=19646"}],"wp:term":[{"taxonomy":"product_cat","embeddable":true,"href":"https:\/\/kuldkalake.eu\/et\/wp-json\/wp\/v2\/product_cat?post=19646"},{"taxonomy":"product_tag","embeddable":true,"href":"https:\/\/kuldkalake.eu\/et\/wp-json\/wp\/v2\/product_tag?post=19646"}],"curies":[{"name":"wp","href":"https:\/\/api.w.org\/{rel}","templated":true}]}}