{"id":22048,"date":"2026-04-07T18:52:12","date_gmt":"2026-04-07T16:52:12","guid":{"rendered":"https:\/\/kuldkalake.eu\/ru\/?post_type=product&#038;p=22048"},"modified":"2026-04-12T08:32:41","modified_gmt":"2026-04-12T06:32:41","slug":"et-afganistani-katel-12-l-10-l-rashko-baba-ru-afganskij-kazan-12-l-10-l-rashko-baba-en-rashko-baba-12-liter-10-liter-afghan-cauldron-lv-afg-u-kazans-ar-rokturi-sb-12-l-10-l-rashko-baba","status":"publish","type":"product","link":"https:\/\/kuldkalake.eu\/et\/toode\/et-afganistani-katel-12-l-10-l-rashko-baba-ru-afganskij-kazan-12-l-10-l-rashko-baba-en-rashko-baba-12-liter-10-liter-afghan-cauldron-lv-afg-u-kazans-ar-rokturi-sb-12-l-10-l-rashko-baba\/","title":{"rendered":"Afganistani katel 12 l (10 l) Rashko Baba"},"content":{"rendered":"<p>12-liitrine afgaani pott on suurep\u00e4rane valik perekonnale, suvilasse v\u00f5i v\u00e4ljas toiduvalmistamiseks. See on valmistatud vastupidavast valatud alumiiniumist, mille seinte paksus on 3\u20138 mm, ning on vastupidav k\u00f5rgetele temperatuuridele ja t\u00f6\u00f6tab kiirkeetja p\u00f5him\u00f5ttel, kiirendades toiduvalmistamist ilma maitse kaotamiseta.<\/p>\n<p>Varustatud hermeetilise kaanega klambritega ja kahe ventiiliga \u2013 auru- ja ohutusventiiliga \u2013 ohutuks ja t\u00f5husaks t\u00f6\u00f6ks r\u00f5hu all.<\/p>\n<p>Valmistatud Afganistanis, tootja Rashko Baba.<\/p>\n<p>Omadused:<\/p>\n<p>Hermetiline kaas usaldusv\u00e4\u00e4rsete metallklambritega<\/p>\n<p>2 klappi \u2013 ohutus- ja auruklapp<\/p>\n<p>Paksud valatud seinad (3\u20138 mm) \u2013 \u00fchtlane kuumenemine, vastupidavus<\/p>\n<p>Mahutavus: 12 l \u2013 sobib suurep\u00e4raselt 8\u201310 inimesele<\/p>\n<p>Sobib avatud tule, gaasi- ja elektripliitidele<\/p>\n<p>Ei sobi induktsioonpliitidele<\/p>\n<p>\u00c4rge t\u00e4itke potti rohkem kui 2\/3 mahust<\/p>\n<p>Lihtne hooldada, korrosioonikindel<\/p>\n<p>Ideaalne aromaatse plovi, ragude, liha, ubade, suppide ja muude toitvate roogade valmistamiseks. Suurep\u00e4rane valik nii koduseks kasutamiseks kui ka aktiivseks vaba aja veetmiseks looduses.<\/p>\n<p>Kaal: 4,45 kg<\/p>\n<p>IE12<\/p>","protected":false},"excerpt":{"rendered":"<p>12-liitrine afgaani pott on suurep\u00e4rane valik perekonnale, suvilasse v\u00f5i v\u00e4ljas toiduvalmistamiseks. See on valmistatud vastupidavast valatud alumiiniumist, mille seinte paksus<\/p>\n","protected":false},"featured_media":22083,"template":"","meta":[],"product_cat":[456],"product_tag":[],"_links":{"self":[{"href":"https:\/\/kuldkalake.eu\/et\/wp-json\/wp\/v2\/product\/22048"}],"collection":[{"href":"https:\/\/kuldkalake.eu\/et\/wp-json\/wp\/v2\/product"}],"about":[{"href":"https:\/\/kuldkalake.eu\/et\/wp-json\/wp\/v2\/types\/product"}],"wp:featuredmedia":[{"embeddable":true,"href":"https:\/\/kuldkalake.eu\/et\/wp-json\/wp\/v2\/media\/22083"}],"wp:attachment":[{"href":"https:\/\/kuldkalake.eu\/et\/wp-json\/wp\/v2\/media?parent=22048"}],"wp:term":[{"taxonomy":"product_cat","embeddable":true,"href":"https:\/\/kuldkalake.eu\/et\/wp-json\/wp\/v2\/product_cat?post=22048"},{"taxonomy":"product_tag","embeddable":true,"href":"https:\/\/kuldkalake.eu\/et\/wp-json\/wp\/v2\/product_tag?post=22048"}],"curies":[{"name":"wp","href":"https:\/\/api.w.org\/{rel}","templated":true}]}}