{"id":8564,"date":"2021-05-07T09:20:28","date_gmt":"2021-05-07T07:20:28","guid":{"rendered":"https:\/\/kuldkalake.eu\/ru\/?post_type=product&#038;p=8564"},"modified":"2024-02-11T14:39:41","modified_gmt":"2024-02-11T12:39:41","slug":"mascot-80mm-9-0g-12-25-06","status":"publish","type":"product","link":"https:\/\/kuldkalake.eu\/et\/toode\/mascot-80mm-9-0g-12-25-06\/","title":{"rendered":"Vobler KOSADAKA Mascot XL 80F-06"},"content":{"rendered":"<p>T\u00fc\u00fcp: F<\/p>\n<p>S\u00fcgavus (m) : 1.2-2.5<\/p>\n<p>Pikkus(mm): 80<\/p>\n<p>Kaal (g): 9.0<\/p>","protected":false},"excerpt":{"rendered":"<p>T\u00fc\u00fcp: F S\u00fcgavus (m) : 1.2-2.5 Pikkus(mm): 80 Kaal (g): 9.0<\/p>\n","protected":false},"featured_media":8565,"template":"","meta":[],"product_cat":[287,79,82],"product_tag":[],"_links":{"self":[{"href":"https:\/\/kuldkalake.eu\/et\/wp-json\/wp\/v2\/product\/8564"}],"collection":[{"href":"https:\/\/kuldkalake.eu\/et\/wp-json\/wp\/v2\/product"}],"about":[{"href":"https:\/\/kuldkalake.eu\/et\/wp-json\/wp\/v2\/types\/product"}],"wp:featuredmedia":[{"embeddable":true,"href":"https:\/\/kuldkalake.eu\/et\/wp-json\/wp\/v2\/media\/8565"}],"wp:attachment":[{"href":"https:\/\/kuldkalake.eu\/et\/wp-json\/wp\/v2\/media?parent=8564"}],"wp:term":[{"taxonomy":"product_cat","embeddable":true,"href":"https:\/\/kuldkalake.eu\/et\/wp-json\/wp\/v2\/product_cat?post=8564"},{"taxonomy":"product_tag","embeddable":true,"href":"https:\/\/kuldkalake.eu\/et\/wp-json\/wp\/v2\/product_tag?post=8564"}],"curies":[{"name":"wp","href":"https:\/\/api.w.org\/{rel}","templated":true}]}}