{"id":9377,"date":"2021-07-11T18:00:52","date_gmt":"2021-07-11T16:00:52","guid":{"rendered":"https:\/\/kuldkalake.eu\/ru\/?post_type=product&#038;p=9377"},"modified":"2025-03-17T14:29:09","modified_gmt":"2025-03-17T12:29:09","slug":"rull-ryobi-virtus-1000","status":"publish","type":"product","link":"https:\/\/kuldkalake.eu\/et\/toode\/rull-ryobi-virtus-1000\/","title":{"rendered":"Rull RYOBI Virtus 1000"},"content":{"rendered":"<p>Kaal (g): 252<br \/>\nP\u00fc\u00fcgi liik: spinning<br \/>\nPoolipea l\u00e4bim\u00f5\u00f5t (mm): 43<br \/>\nRulli klass: light, ultralight<br \/>\nNupp k\u00e4epidemel: ei<br \/>\nLaagrite arv: 4+1<br \/>\nPakendi sisu: Varupooli pole kaasas<br \/>\nSiduri koormus (kg): 2,5<br \/>\nPooli l\u00e4bilaskev\u00f5ime: 0,235mm\/120m<br \/>\n\u00dclekandearv: 5,1:1<br \/>\nK\u00e4epideme kinnitusviis: kinnituskruvi<br \/>\nH\u00f5\u00f5rdumine: ees<br \/>\nTootja: RYOBI<\/p>","protected":false},"excerpt":{"rendered":"<p>Kaal (g): 252 P\u00fc\u00fcgi liik: spinning Poolipea l\u00e4bim\u00f5\u00f5t (mm): 43 Rulli klass: light, ultralight Nupp k\u00e4epidemel: ei Laagrite arv: 4+1<\/p>\n","protected":false},"featured_media":9381,"template":"","meta":[],"product_cat":[86,87],"product_tag":[],"_links":{"self":[{"href":"https:\/\/kuldkalake.eu\/et\/wp-json\/wp\/v2\/product\/9377"}],"collection":[{"href":"https:\/\/kuldkalake.eu\/et\/wp-json\/wp\/v2\/product"}],"about":[{"href":"https:\/\/kuldkalake.eu\/et\/wp-json\/wp\/v2\/types\/product"}],"wp:featuredmedia":[{"embeddable":true,"href":"https:\/\/kuldkalake.eu\/et\/wp-json\/wp\/v2\/media\/9381"}],"wp:attachment":[{"href":"https:\/\/kuldkalake.eu\/et\/wp-json\/wp\/v2\/media?parent=9377"}],"wp:term":[{"taxonomy":"product_cat","embeddable":true,"href":"https:\/\/kuldkalake.eu\/et\/wp-json\/wp\/v2\/product_cat?post=9377"},{"taxonomy":"product_tag","embeddable":true,"href":"https:\/\/kuldkalake.eu\/et\/wp-json\/wp\/v2\/product_tag?post=9377"}],"curies":[{"name":"wp","href":"https:\/\/api.w.org\/{rel}","templated":true}]}}