{"id":10863,"date":"2022-04-04T14:01:11","date_gmt":"2022-04-04T12:01:11","guid":{"rendered":"https:\/\/kuldkalake.eu\/ru\/?post_type=product&#038;p=10863"},"modified":"2024-09-27T12:48:14","modified_gmt":"2024-09-27T10:48:14","slug":"konksusoot-traper-corn-puff-puhutud-mais-kuuslauk-4mm-20g-15040","status":"publish","type":"product","link":"https:\/\/kuldkalake.eu\/lv\/toode\/konksusoot-traper-corn-puff-puhutud-mais-kuuslauk-4mm-20g-15040\/","title":{"rendered":"\u0100\u0137a \u0113sma TRAPER Corn Puff (p\u016bst\u0101 kukur\u016bza) \u0136iploks 4mm\/20g"},"content":{"rendered":"","protected":false},"excerpt":{"rendered":"","protected":false},"featured_media":10953,"template":"","meta":[],"product_cat":[89,93],"product_tag":[],"_links":{"self":[{"href":"https:\/\/kuldkalake.eu\/lv\/wp-json\/wp\/v2\/product\/10863"}],"collection":[{"href":"https:\/\/kuldkalake.eu\/lv\/wp-json\/wp\/v2\/product"}],"about":[{"href":"https:\/\/kuldkalake.eu\/lv\/wp-json\/wp\/v2\/types\/product"}],"wp:featuredmedia":[{"embeddable":true,"href":"https:\/\/kuldkalake.eu\/lv\/wp-json\/wp\/v2\/media\/10953"}],"wp:attachment":[{"href":"https:\/\/kuldkalake.eu\/lv\/wp-json\/wp\/v2\/media?parent=10863"}],"wp:term":[{"taxonomy":"product_cat","embeddable":true,"href":"https:\/\/kuldkalake.eu\/lv\/wp-json\/wp\/v2\/product_cat?post=10863"},{"taxonomy":"product_tag","embeddable":true,"href":"https:\/\/kuldkalake.eu\/lv\/wp-json\/wp\/v2\/product_tag?post=10863"}],"curies":[{"name":"wp","href":"https:\/\/api.w.org\/{rel}","templated":true}]}}