{"id":13791,"date":"2023-05-08T17:30:16","date_gmt":"2023-05-08T15:30:16","guid":{"rendered":"https:\/\/kuldkalake.eu\/ru\/?post_type=product&#038;p=13791"},"modified":"2024-11-27T10:52:01","modified_gmt":"2024-11-27T08:52:01","slug":"striker-90sp-cl-5","status":"publish","type":"product","link":"https:\/\/kuldkalake.eu\/lv\/toode\/striker-90sp-cl-5\/","title":{"rendered":"Striker 90SP-CL 5"},"content":{"rendered":"<p>Garums: <strong>90 mm<\/strong><\/p>\n<p>Svars: <strong>13,5 g<\/strong><\/p>\n<p>Tips: <strong>L\u0113ni grimst<\/strong><\/p>\n<p>Dzi\u013cums: <strong>1,5 \u2013 2,5 m<\/strong><\/p>\n<p>\u0100\u0137a izm\u0113rs: <strong>#8<\/strong><\/p>","protected":false},"excerpt":{"rendered":"<p>Garums: 90 mm Svars: 13,5 g Tips: L\u0113ni grimst Dzi\u013cums: 1,5 \u2013 2,5 m \u0100\u0137a izm\u0113rs: #8<\/p>\n","protected":false},"featured_media":13792,"template":"","meta":[],"product_cat":[287,79,82],"product_tag":[],"_links":{"self":[{"href":"https:\/\/kuldkalake.eu\/lv\/wp-json\/wp\/v2\/product\/13791"}],"collection":[{"href":"https:\/\/kuldkalake.eu\/lv\/wp-json\/wp\/v2\/product"}],"about":[{"href":"https:\/\/kuldkalake.eu\/lv\/wp-json\/wp\/v2\/types\/product"}],"wp:featuredmedia":[{"embeddable":true,"href":"https:\/\/kuldkalake.eu\/lv\/wp-json\/wp\/v2\/media\/13792"}],"wp:attachment":[{"href":"https:\/\/kuldkalake.eu\/lv\/wp-json\/wp\/v2\/media?parent=13791"}],"wp:term":[{"taxonomy":"product_cat","embeddable":true,"href":"https:\/\/kuldkalake.eu\/lv\/wp-json\/wp\/v2\/product_cat?post=13791"},{"taxonomy":"product_tag","embeddable":true,"href":"https:\/\/kuldkalake.eu\/lv\/wp-json\/wp\/v2\/product_tag?post=13791"}],"curies":[{"name":"wp","href":"https:\/\/api.w.org\/{rel}","templated":true}]}}