{"id":14214,"date":"2023-08-04T14:01:18","date_gmt":"2023-08-04T12:01:18","guid":{"rendered":"https:\/\/kuldkalake.eu\/ru\/?post_type=product&#038;p=14214"},"modified":"2026-03-26T12:53:17","modified_gmt":"2026-03-26T10:53:17","slug":"akara-horgen-action-sh-ah-85-ab32","status":"publish","type":"product","link":"https:\/\/kuldkalake.eu\/lv\/toode\/akara-horgen-action-sh-ah-85-ab32\/","title":{"rendered":"AKARA \u00abHorgen\u00bb Action SH AH-85-AB32"},"content":{"rendered":"<p>Izm\u0113rs: 8.5cm<\/p>\n<p>Svars: 30g<\/p>\n<p>Horgen ir ori\u0123in\u0101la lanti\u0146a ar kombin\u0113tu kr\u0101su. Kr\u0101su izv\u0113le \u013cauj \u0101tri atrast pareizo kr\u0101su, atkar\u012bb\u0101 no \u016bdens caursp\u012bd\u012bbas. Lanti\u0146as ir izgatavotas no kr\u0101sainiem met\u0101liem, izmantojot jaun\u0101k\u0101s tehnolo\u0123ijas, un apr\u012bkotas ar augstas kvalit\u0101tes un p\u0101rbaud\u012bt\u0101m stiprin\u0101jumiem.<\/p>","protected":false},"excerpt":{"rendered":"<p>Izm\u0113rs: 8.5cm Svars: 30g Horgen ir ori\u0123in\u0101la lanti\u0146a ar kombin\u0113tu kr\u0101su. Kr\u0101su izv\u0113le \u013cauj \u0101tri atrast pareizo kr\u0101su, atkar\u012bb\u0101 no<\/p>\n","protected":false},"featured_media":14343,"template":"","meta":[],"product_cat":[79,262],"product_tag":[],"_links":{"self":[{"href":"https:\/\/kuldkalake.eu\/lv\/wp-json\/wp\/v2\/product\/14214"}],"collection":[{"href":"https:\/\/kuldkalake.eu\/lv\/wp-json\/wp\/v2\/product"}],"about":[{"href":"https:\/\/kuldkalake.eu\/lv\/wp-json\/wp\/v2\/types\/product"}],"wp:featuredmedia":[{"embeddable":true,"href":"https:\/\/kuldkalake.eu\/lv\/wp-json\/wp\/v2\/media\/14343"}],"wp:attachment":[{"href":"https:\/\/kuldkalake.eu\/lv\/wp-json\/wp\/v2\/media?parent=14214"}],"wp:term":[{"taxonomy":"product_cat","embeddable":true,"href":"https:\/\/kuldkalake.eu\/lv\/wp-json\/wp\/v2\/product_cat?post=14214"},{"taxonomy":"product_tag","embeddable":true,"href":"https:\/\/kuldkalake.eu\/lv\/wp-json\/wp\/v2\/product_tag?post=14214"}],"curies":[{"name":"wp","href":"https:\/\/api.w.org\/{rel}","templated":true}]}}