{"id":16146,"date":"2024-07-23T16:04:14","date_gmt":"2024-07-23T14:04:14","guid":{"rendered":"https:\/\/kuldkalake.eu\/ru\/?post_type=product&#038;p=16146"},"modified":"2026-04-10T11:00:58","modified_gmt":"2026-04-10T09:00:58","slug":"akara-viskan-ii-action-65-sh-av-65-15-ab120","status":"publish","type":"product","link":"https:\/\/kuldkalake.eu\/lv\/toode\/akara-viskan-ii-action-65-sh-av-65-15-ab120\/","title":{"rendered":"AKARA &#8220;Viskan II&#8221; Action 65 SH, AV-65-15-AB120"},"content":{"rendered":"<p>15g, 65mm<\/p>\n<p><span class=\"layout layout_size_m layout_type_2pane layout_vertical-fit layout_letter\">Akara Action Series Viskan ir m\u0101rci\u0146a, kas paredz\u0113ta galvenok\u0101rt la\u0161u zvejo\u0161anai. \u0160aurais un smagais korpuss nodro\u0161ina lieliskas lido\u0161anas \u012bpa\u0161\u012bbas prec\u012bzai un t\u0101lei izme\u0161anai, savuk\u0101rt rakstur\u012bg\u0101 izliekuma forma nodro\u0161ina stabilu kust\u012bbu \u016bden\u012b. M\u0101rci\u0146ai ir asu, agres\u012bvu kust\u012bbu modelis, kas s\u0101kas jau no pirm\u0101 centimetra p\u0113c izme\u0161anas. \u0160o m\u0101rci\u0146u nov\u0113rt\u0113s la\u0161i, foreles, chinook, sim, taimenes, asp, zanderi un l\u012bdakas.<\/span><\/p>","protected":false},"excerpt":{"rendered":"<p>15g, 65mm Akara Action Series Viskan ir m\u0101rci\u0146a, kas paredz\u0113ta galvenok\u0101rt la\u0161u zvejo\u0161anai. \u0160aurais un smagais korpuss nodro\u0161ina lieliskas lido\u0161anas<\/p>\n","protected":false},"featured_media":16241,"template":"","meta":[],"product_cat":[473,79,262],"product_tag":[],"_links":{"self":[{"href":"https:\/\/kuldkalake.eu\/lv\/wp-json\/wp\/v2\/product\/16146"}],"collection":[{"href":"https:\/\/kuldkalake.eu\/lv\/wp-json\/wp\/v2\/product"}],"about":[{"href":"https:\/\/kuldkalake.eu\/lv\/wp-json\/wp\/v2\/types\/product"}],"wp:featuredmedia":[{"embeddable":true,"href":"https:\/\/kuldkalake.eu\/lv\/wp-json\/wp\/v2\/media\/16241"}],"wp:attachment":[{"href":"https:\/\/kuldkalake.eu\/lv\/wp-json\/wp\/v2\/media?parent=16146"}],"wp:term":[{"taxonomy":"product_cat","embeddable":true,"href":"https:\/\/kuldkalake.eu\/lv\/wp-json\/wp\/v2\/product_cat?post=16146"},{"taxonomy":"product_tag","embeddable":true,"href":"https:\/\/kuldkalake.eu\/lv\/wp-json\/wp\/v2\/product_tag?post=16146"}],"curies":[{"name":"wp","href":"https:\/\/api.w.org\/{rel}","templated":true}]}}