{"id":19020,"date":"2025-05-27T13:08:12","date_gmt":"2025-05-27T11:08:12","guid":{"rendered":"https:\/\/kuldkalake.eu\/ru\/?post_type=product&#038;p=19020"},"modified":"2025-05-30T18:15:13","modified_gmt":"2025-05-30T16:15:13","slug":"blue-fox-minnow-super-vibrax-2-9g-bfmsv2-gp","status":"publish","type":"product","link":"https:\/\/kuldkalake.eu\/lv\/toode\/blue-fox-minnow-super-vibrax-2-9g-bfmsv2-gp\/","title":{"rendered":"Blue Fox Minnow Super Vibrax 2, 9g BFMSV2 GP"},"content":{"rendered":"<p><\/p>\n<ul>\n<li>Vibr\u0113jo\u0161s korpuss imit\u0113 dz\u012bvu zivti\u0146u.<\/li>\n<li>Asa grie\u017eas un mirdz pat tad, kad tas atrodas zem \u016bdens.<\/li>\n<li>Labskat\u0101ms dizains.<\/li>\n<li>Apr\u012bkots ar VMC\u00ae \u0101\u0137i.<\/li>\n<li>L\u012bnijai pretnokaro\u0161anas dizains.<\/li>\n<li>Asas izm\u0113rs: 2.<\/li>\n<li>Svars: 9 g.<\/li>\n<\/ul>\n<p><\/p>","protected":false},"excerpt":{"rendered":"<p>Vibr\u0113jo\u0161s korpuss imit\u0113 dz\u012bvu zivti\u0146u. Asa grie\u017eas un mirdz pat tad, kad tas atrodas zem \u016bdens. Labskat\u0101ms dizains. Apr\u012bkots ar<\/p>\n","protected":false},"featured_media":19069,"template":"","meta":[],"product_cat":[79,261],"product_tag":[],"_links":{"self":[{"href":"https:\/\/kuldkalake.eu\/lv\/wp-json\/wp\/v2\/product\/19020"}],"collection":[{"href":"https:\/\/kuldkalake.eu\/lv\/wp-json\/wp\/v2\/product"}],"about":[{"href":"https:\/\/kuldkalake.eu\/lv\/wp-json\/wp\/v2\/types\/product"}],"wp:featuredmedia":[{"embeddable":true,"href":"https:\/\/kuldkalake.eu\/lv\/wp-json\/wp\/v2\/media\/19069"}],"wp:attachment":[{"href":"https:\/\/kuldkalake.eu\/lv\/wp-json\/wp\/v2\/media?parent=19020"}],"wp:term":[{"taxonomy":"product_cat","embeddable":true,"href":"https:\/\/kuldkalake.eu\/lv\/wp-json\/wp\/v2\/product_cat?post=19020"},{"taxonomy":"product_tag","embeddable":true,"href":"https:\/\/kuldkalake.eu\/lv\/wp-json\/wp\/v2\/product_tag?post=19020"}],"curies":[{"name":"wp","href":"https:\/\/api.w.org\/{rel}","templated":true}]}}