{"id":8358,"date":"2021-04-21T16:20:54","date_gmt":"2021-04-21T14:20:54","guid":{"rendered":"https:\/\/kuldkalake.eu\/ru\/?post_type=product&#038;p=8358"},"modified":"2025-06-05T16:49:08","modified_gmt":"2025-06-05T14:49:08","slug":"soodakorv-kor-fid-bl-50","status":"publish","type":"product","link":"https:\/\/kuldkalake.eu\/lv\/toode\/soodakorv-kor-fid-bl-50\/","title":{"rendered":"Baro\u0161anas grozs KOR-FID-BL-50"},"content":{"rendered":"<p>Bar\u012bbas grozs 50g, aizv\u0113rts dibens, 5,0&#215;4,0x2,3<\/p>","protected":false},"excerpt":{"rendered":"<p>Bar\u012bbas grozs 50g, aizv\u0113rts dibens, 5,0&#215;4,0&#215;2,3<\/p>\n","protected":false},"featured_media":8514,"template":"","meta":[],"product_cat":[98,101],"product_tag":[],"_links":{"self":[{"href":"https:\/\/kuldkalake.eu\/lv\/wp-json\/wp\/v2\/product\/8358"}],"collection":[{"href":"https:\/\/kuldkalake.eu\/lv\/wp-json\/wp\/v2\/product"}],"about":[{"href":"https:\/\/kuldkalake.eu\/lv\/wp-json\/wp\/v2\/types\/product"}],"wp:featuredmedia":[{"embeddable":true,"href":"https:\/\/kuldkalake.eu\/lv\/wp-json\/wp\/v2\/media\/8514"}],"wp:attachment":[{"href":"https:\/\/kuldkalake.eu\/lv\/wp-json\/wp\/v2\/media?parent=8358"}],"wp:term":[{"taxonomy":"product_cat","embeddable":true,"href":"https:\/\/kuldkalake.eu\/lv\/wp-json\/wp\/v2\/product_cat?post=8358"},{"taxonomy":"product_tag","embeddable":true,"href":"https:\/\/kuldkalake.eu\/lv\/wp-json\/wp\/v2\/product_tag?post=8358"}],"curies":[{"name":"wp","href":"https:\/\/api.w.org\/{rel}","templated":true}]}}